{"id":5097,"date":"2025-07-03T00:39:05","date_gmt":"2025-07-02T21:39:05","guid":{"rendered":"https:\/\/gudnip.com\/br\/?page_id=5097"},"modified":"2025-07-03T00:39:05","modified_gmt":"2025-07-02T21:39:05","slug":"politica-de-cookies","status":"publish","type":"page","link":"https:\/\/gudnip.com\/br\/politica-de-cookies\/","title":{"rendered":"Pol\u00edtica de Cookies"},"content":{"rendered":"<p><strong>\u00daltima atualiza\u00e7\u00e3o:<\/strong> 2 de julho de 2025<\/p>\n<p>Esta Pol\u00edtica de Cookies explica como Gudnip.com\/br\/ (&#8220;n\u00f3s&#8221;, &#8220;nosso&#8221; ou &#8220;nossa&#8221;) usa cookies e tecnologias semelhantes para reconhec\u00ea-lo quando voc\u00ea visita nosso site em <a href=\"https:\/\/gudnip.com\/br\/\">https:\/\/gudnip.com\/br\/<\/a> (&#8220;Website&#8221;). Ela explica o que s\u00e3o essas tecnologias e por que as usamos, bem como seus direitos de controlar nosso uso delas.<\/p>\n<h2>O que s\u00e3o cookies?<\/h2>\n<p>Cookies s\u00e3o pequenos arquivos de dados que s\u00e3o colocados em seu computador ou dispositivo m\u00f3vel quando voc\u00ea visita um site. Os cookies s\u00e3o amplamente utilizados pelos propriet\u00e1rios de sites para fazer com que seus sites funcionem, ou para que funcionem de forma mais eficiente, bem como para fornecer informa\u00e7\u00f5es de relat\u00f3rios.<\/p>\n<p>Cookies definidos pelo propriet\u00e1rio do site (neste caso, Gudnip.com\/br\/) s\u00e3o chamados de &#8220;cookies prim\u00e1rios&#8221;. Cookies definidos por partes que n\u00e3o sejam o propriet\u00e1rio do site s\u00e3o chamados de &#8220;cookies de terceiros&#8221;. Cookies de terceiros permitem que recursos ou funcionalidades de terceiros sejam fornecidos no ou atrav\u00e9s do site (por exemplo, publicidade, conte\u00fado interativo e an\u00e1lises). As partes que definem esses cookies de terceiros podem reconhecer seu computador tanto quando ele visita o site em quest\u00e3o quanto quando visita outros sites.<\/p>\n<h2>Por que usamos cookies?<\/h2>\n<p>N\u00f3s usamos cookies prim\u00e1rios e de terceiros por v\u00e1rias raz\u00f5es. Alguns cookies s\u00e3o necess\u00e1rios para o funcionamento do nosso Website, e n\u00f3s os chamamos de cookies &#8220;essenciais&#8221; ou &#8220;estritamente necess\u00e1rios&#8221;. Outros cookies tamb\u00e9m nos permitem rastrear e direcionar os interesses de nossos usu\u00e1rios para aprimorar a experi\u00eancia em nosso Website. Terceiros servem cookies atrav\u00e9s do nosso Website para publicidade, an\u00e1lises e outros prop\u00f3sitos. Isso \u00e9 descrito em mais detalhes abaixo.<\/p>\n<h2>Cookies usados em Gudnip.com\/br\/:<\/h2>\n<ul>\n<li><strong>Cookies de Publicidade (Terceiros &#8211; Google AdSense):<\/strong>\n<ul>\n<li>O Google usa cookies para ajudar a veicular os an\u00fancios que exibe nos sites de seus parceiros, como sites que exibem an\u00fancios do Google ou que participam de redes de an\u00fancios certificadas pelo Google. Quando os usu\u00e1rios visitam o site de um parceiro, um cookie pode ser inserido no navegador desse usu\u00e1rio.<\/li>\n<li>Esses cookies permitem que o Google e seus parceiros veiculem an\u00fancios com base na sua visita a Gudnip.com\/br\/ e\/ou a outros sites na Internet. Isso nos ajuda a fornecer an\u00fancios mais relevantes e a evitar a exibi\u00e7\u00e3o repetida do mesmo an\u00fancio.<\/li>\n<li><strong>Como desativar:<\/strong> Os usu\u00e1rios podem optar por desativar a publicidade personalizada visitando as <a href=\"https:\/\/adssettings.google.com\/authenticated\">Configura\u00e7\u00f5es de An\u00fancios do Google<\/a>. Alternativamente, voc\u00ea pode desativar o uso de cookies por um fornecedor terceirizado para publicidade baseada em interesses visitando <a href=\"http:\/\/www.aboutads.info\/\">www.aboutads.info\/<\/a>. Para usu\u00e1rios no Brasil, a Lei Geral de Prote\u00e7\u00e3o de Dados (LGPD) tamb\u00e9m garante o direito de n\u00e3o consentir ou revogar o consentimento para o tratamento de dados pessoais, incluindo aqueles coletados via cookies.<\/li>\n<\/ul>\n<\/li>\n<\/ul>\n<h2>Suas escolhas em rela\u00e7\u00e3o aos cookies<\/h2>\n<p>Voc\u00ea tem o direito de decidir se aceita ou rejeita cookies. Voc\u00ea pode exercer suas prefer\u00eancias de cookies gerenciando suas configura\u00e7\u00f5es de consentimento em nosso site (se um banner de consentimento estiver presente) ou ajustando os controles do seu navegador da web.<\/p>\n<p>A maioria dos navegadores permite que voc\u00ea gerencie cookies atrav\u00e9s de suas configura\u00e7\u00f5es. Geralmente, voc\u00ea pode encontrar essas configura\u00e7\u00f5es no menu &#8220;op\u00e7\u00f5es&#8221; ou &#8220;prefer\u00eancias&#8221; do seu navegador. Para entender essas configura\u00e7\u00f5es, os seguintes links podem ser \u00fateis, ou voc\u00ea pode usar a op\u00e7\u00e3o &#8220;Ajuda&#8221; em seu navegador para mais detalhes:<\/p>\n<ul>\n<li><a href=\"https:\/\/support.google.com\/chrome\/answer\/95647?hl=pt\">Configura\u00e7\u00f5es de cookies no Chrome<\/a><\/li>\n<li><a href=\"https:\/\/support.mozilla.org\/pt-BR\/kb\/ative-e-desative-os-cookies-que-os-sites-usam\">Configura\u00e7\u00f5es de cookies no Firefox<\/a><\/li>\n<li><a href=\"https:\/\/support.apple.com\/pt-br\/guide\/safari\/sfri11471\/mac\">Configura\u00e7\u00f5es de cookies no Safari<\/a><\/li>\n<\/ul>\n<h2>Observa\u00e7\u00e3o Importante sobre o Consentimento:<\/h2>\n<p>Antes que quaisquer cookies n\u00e3o essenciais (como cookies de publicidade) sejam colocados em seu dispositivo, estamos comprometidos em obter seu consentimento expl\u00edcito. Voc\u00ea receber\u00e1 informa\u00e7\u00f5es claras sobre os tipos de cookies que usamos e seus prop\u00f3sitos. Voc\u00ea tem o direito de retirar seu consentimento a qualquer momento.<\/p>\n<h2>Fornecedores Terceirizados e Redes de An\u00fancios<\/h2>\n<p>Gudnip.com\/br\/ usa o Google AdSense para exibir an\u00fancios. O Google, como um fornecedor terceirizado, usa cookies para veicular an\u00fancios em nosso site. O uso do cookie DART pelo Google permite que ele veicule an\u00fancios para nossos usu\u00e1rios com base em sua visita ao nosso site e a outros sites na Internet.<\/p>\n<p>Tamb\u00e9m podemos fazer parceria com outros fornecedores terceirizados e redes de an\u00fancios. Voc\u00ea deve consultar as respectivas pol\u00edticas de privacidade desses servidores de an\u00fancios de terceiros para obter informa\u00e7\u00f5es mais detalhadas sobre suas pr\u00e1ticas, bem como instru\u00e7\u00f5es sobre como desativar certas pr\u00e1ticas.<\/p>\n<h2>Altera\u00e7\u00f5es em nossa Pol\u00edtica de Cookies<\/h2>\n<p>Podemos atualizar esta Pol\u00edtica de Cookies periodicamente para refletir, por exemplo, altera\u00e7\u00f5es nos cookies que usamos ou por outros motivos operacionais, legais ou regulat\u00f3rios. Portanto, revise esta Pol\u00edtica de Cookies regularmente para se manter informado sobre o nosso uso de cookies e tecnologias relacionadas.<\/p>\n<p>A data no topo desta Pol\u00edtica de Cookies indica quando ela foi atualizada pela \u00faltima vez.<\/p>\n<h2>Entre em Contato Conosco<\/h2>\n<p>Se voc\u00ea tiver alguma d\u00favida sobre o nosso uso de cookies ou outras tecnologias, <a href=\"https:\/\/gudnip.com\/br\/contact\/\">entre em contato conosco<\/a>.<\/p>\n","protected":false},"excerpt":{"rendered":"<p>\u00daltima atualiza\u00e7\u00e3o: 2 de julho de 2025 Esta Pol\u00edtica de Cookies explica como Gudnip.com\/br\/ (&#8220;n\u00f3s&#8221;, &#8220;nosso&#8221; ou &#8220;nossa&#8221;) usa cookies e tecnologias semelhantes para reconhec\u00ea-lo quando voc\u00ea visita nosso site em https:\/\/gudnip.com\/br\/ (&#8220;Website&#8221;). Ela explica o que s\u00e3o essas tecnologias e por que as usamos, bem como seus direitos de controlar nosso uso delas. O [&hellip;]<\/p>\n","protected":false},"author":6,"featured_media":0,"parent":0,"menu_order":0,"comment_status":"closed","ping_status":"closed","template":"","meta":{"_acf_changed":false,"footnotes":""},"class_list":["post-5097","page","type-page","status-publish","hentry"],"acf":[],"yoast_head":"<!-- This site is optimized with the Yoast SEO plugin v26.8 - https:\/\/yoast.com\/product\/yoast-seo-wordpress\/ -->\n<title>Pol\u00edtica de Cookies - Gudnip<\/title>\n<meta name=\"robots\" content=\"index, follow, max-snippet:-1, max-image-preview:large, max-video-preview:-1\" \/>\n<link rel=\"canonical\" href=\"https:\/\/gudnip.com\/br\/politica-de-cookies\/\" \/>\n<meta property=\"og:locale\" content=\"pt_BR\" \/>\n<meta property=\"og:type\" content=\"article\" \/>\n<meta property=\"og:title\" content=\"Pol\u00edtica de Cookies - Gudnip\" \/>\n<meta property=\"og:description\" content=\"\u00daltima atualiza\u00e7\u00e3o: 2 de julho de 2025 Esta Pol\u00edtica de Cookies explica como Gudnip.com\/br\/ (&#8220;n\u00f3s&#8221;, &#8220;nosso&#8221; ou &#8220;nossa&#8221;) usa cookies e tecnologias semelhantes para reconhec\u00ea-lo quando voc\u00ea visita nosso site em https:\/\/gudnip.com\/br\/ (&#8220;Website&#8221;). Ela explica o que s\u00e3o essas tecnologias e por que as usamos, bem como seus direitos de controlar nosso uso delas. O [&hellip;]\" \/>\n<meta property=\"og:url\" content=\"https:\/\/gudnip.com\/br\/politica-de-cookies\/\" \/>\n<meta property=\"og:site_name\" content=\"Gudnip\" \/>\n<meta property=\"og:image\" content=\"https:\/\/gudnip.com\/br\/wp-content\/uploads\/2024\/04\/logo-png.png\" \/>\n\t<meta property=\"og:image:width\" content=\"1080\" \/>\n\t<meta property=\"og:image:height\" content=\"1080\" \/>\n\t<meta property=\"og:image:type\" content=\"image\/png\" \/>\n<meta name=\"twitter:card\" content=\"summary_large_image\" \/>\n<meta name=\"twitter:label1\" content=\"Est. tempo de leitura\" \/>\n\t<meta name=\"twitter:data1\" content=\"5 minutos\" \/>\n<script type=\"application\/ld+json\" class=\"yoast-schema-graph\">{\"@context\":\"https:\/\/schema.org\",\"@graph\":[{\"@type\":\"WebPage\",\"@id\":\"https:\/\/gudnip.com\/br\/politica-de-cookies\/\",\"url\":\"https:\/\/gudnip.com\/br\/politica-de-cookies\/\",\"name\":\"Pol\u00edtica de Cookies - Gudnip\",\"isPartOf\":{\"@id\":\"https:\/\/gudnip.com\/br\/#website\"},\"datePublished\":\"2025-07-02T21:39:05+00:00\",\"breadcrumb\":{\"@id\":\"https:\/\/gudnip.com\/br\/politica-de-cookies\/#breadcrumb\"},\"inLanguage\":\"pt-BR\",\"potentialAction\":[{\"@type\":\"ReadAction\",\"target\":[\"https:\/\/gudnip.com\/br\/politica-de-cookies\/\"]}]},{\"@type\":\"BreadcrumbList\",\"@id\":\"https:\/\/gudnip.com\/br\/politica-de-cookies\/#breadcrumb\",\"itemListElement\":[{\"@type\":\"ListItem\",\"position\":1,\"name\":\"Home\",\"item\":\"https:\/\/gudnip.com\/br\/\"},{\"@type\":\"ListItem\",\"position\":2,\"name\":\"Pol\u00edtica de Cookies\"}]},{\"@type\":\"WebSite\",\"@id\":\"https:\/\/gudnip.com\/br\/#website\",\"url\":\"https:\/\/gudnip.com\/br\/\",\"name\":\"Gudnip\",\"description\":\"Simplificamos suas op\u00e7\u00f5es para que voc\u00ea possa tomar as decis\u00f5es financeiras mais vantajosas da sua vida\",\"publisher\":{\"@id\":\"https:\/\/gudnip.com\/br\/#organization\"},\"alternateName\":\"Gudnip\",\"potentialAction\":[{\"@type\":\"SearchAction\",\"target\":{\"@type\":\"EntryPoint\",\"urlTemplate\":\"https:\/\/gudnip.com\/br\/?s={search_term_string}\"},\"query-input\":{\"@type\":\"PropertyValueSpecification\",\"valueRequired\":true,\"valueName\":\"search_term_string\"}}],\"inLanguage\":\"pt-BR\"},{\"@type\":\"Organization\",\"@id\":\"https:\/\/gudnip.com\/br\/#organization\",\"name\":\"Gudnip\",\"url\":\"https:\/\/gudnip.com\/br\/\",\"logo\":{\"@type\":\"ImageObject\",\"inLanguage\":\"pt-BR\",\"@id\":\"https:\/\/gudnip.com\/br\/#\/schema\/logo\/image\/\",\"url\":\"https:\/\/gudnip.com\/br\/wp-content\/uploads\/2024\/04\/logo-png.png\",\"contentUrl\":\"https:\/\/gudnip.com\/br\/wp-content\/uploads\/2024\/04\/logo-png.png\",\"width\":1080,\"height\":1080,\"caption\":\"Gudnip\"},\"image\":{\"@id\":\"https:\/\/gudnip.com\/br\/#\/schema\/logo\/image\/\"}}]}<\/script>\n<!-- \/ Yoast SEO plugin. -->","yoast_head_json":{"title":"Pol\u00edtica de Cookies - Gudnip","robots":{"index":"index","follow":"follow","max-snippet":"max-snippet:-1","max-image-preview":"max-image-preview:large","max-video-preview":"max-video-preview:-1"},"canonical":"https:\/\/gudnip.com\/br\/politica-de-cookies\/","og_locale":"pt_BR","og_type":"article","og_title":"Pol\u00edtica de Cookies - Gudnip","og_description":"\u00daltima atualiza\u00e7\u00e3o: 2 de julho de 2025 Esta Pol\u00edtica de Cookies explica como Gudnip.com\/br\/ (&#8220;n\u00f3s&#8221;, &#8220;nosso&#8221; ou &#8220;nossa&#8221;) usa cookies e tecnologias semelhantes para reconhec\u00ea-lo quando voc\u00ea visita nosso site em https:\/\/gudnip.com\/br\/ (&#8220;Website&#8221;). Ela explica o que s\u00e3o essas tecnologias e por que as usamos, bem como seus direitos de controlar nosso uso delas. O [&hellip;]","og_url":"https:\/\/gudnip.com\/br\/politica-de-cookies\/","og_site_name":"Gudnip","og_image":[{"width":1080,"height":1080,"url":"https:\/\/gudnip.com\/br\/wp-content\/uploads\/2024\/04\/logo-png.png","type":"image\/png"}],"twitter_card":"summary_large_image","twitter_misc":{"Est. tempo de leitura":"5 minutos"},"schema":{"@context":"https:\/\/schema.org","@graph":[{"@type":"WebPage","@id":"https:\/\/gudnip.com\/br\/politica-de-cookies\/","url":"https:\/\/gudnip.com\/br\/politica-de-cookies\/","name":"Pol\u00edtica de Cookies - Gudnip","isPartOf":{"@id":"https:\/\/gudnip.com\/br\/#website"},"datePublished":"2025-07-02T21:39:05+00:00","breadcrumb":{"@id":"https:\/\/gudnip.com\/br\/politica-de-cookies\/#breadcrumb"},"inLanguage":"pt-BR","potentialAction":[{"@type":"ReadAction","target":["https:\/\/gudnip.com\/br\/politica-de-cookies\/"]}]},{"@type":"BreadcrumbList","@id":"https:\/\/gudnip.com\/br\/politica-de-cookies\/#breadcrumb","itemListElement":[{"@type":"ListItem","position":1,"name":"Home","item":"https:\/\/gudnip.com\/br\/"},{"@type":"ListItem","position":2,"name":"Pol\u00edtica de Cookies"}]},{"@type":"WebSite","@id":"https:\/\/gudnip.com\/br\/#website","url":"https:\/\/gudnip.com\/br\/","name":"Gudnip","description":"Simplificamos suas op\u00e7\u00f5es para que voc\u00ea possa tomar as decis\u00f5es financeiras mais vantajosas da sua vida","publisher":{"@id":"https:\/\/gudnip.com\/br\/#organization"},"alternateName":"Gudnip","potentialAction":[{"@type":"SearchAction","target":{"@type":"EntryPoint","urlTemplate":"https:\/\/gudnip.com\/br\/?s={search_term_string}"},"query-input":{"@type":"PropertyValueSpecification","valueRequired":true,"valueName":"search_term_string"}}],"inLanguage":"pt-BR"},{"@type":"Organization","@id":"https:\/\/gudnip.com\/br\/#organization","name":"Gudnip","url":"https:\/\/gudnip.com\/br\/","logo":{"@type":"ImageObject","inLanguage":"pt-BR","@id":"https:\/\/gudnip.com\/br\/#\/schema\/logo\/image\/","url":"https:\/\/gudnip.com\/br\/wp-content\/uploads\/2024\/04\/logo-png.png","contentUrl":"https:\/\/gudnip.com\/br\/wp-content\/uploads\/2024\/04\/logo-png.png","width":1080,"height":1080,"caption":"Gudnip"},"image":{"@id":"https:\/\/gudnip.com\/br\/#\/schema\/logo\/image\/"}}]}},"wps_subtitle":"","_links":{"self":[{"href":"https:\/\/gudnip.com\/br\/wp-json\/wp\/v2\/pages\/5097","targetHints":{"allow":["GET"]}}],"collection":[{"href":"https:\/\/gudnip.com\/br\/wp-json\/wp\/v2\/pages"}],"about":[{"href":"https:\/\/gudnip.com\/br\/wp-json\/wp\/v2\/types\/page"}],"author":[{"embeddable":true,"href":"https:\/\/gudnip.com\/br\/wp-json\/wp\/v2\/users\/6"}],"replies":[{"embeddable":true,"href":"https:\/\/gudnip.com\/br\/wp-json\/wp\/v2\/comments?post=5097"}],"version-history":[{"count":1,"href":"https:\/\/gudnip.com\/br\/wp-json\/wp\/v2\/pages\/5097\/revisions"}],"predecessor-version":[{"id":5098,"href":"https:\/\/gudnip.com\/br\/wp-json\/wp\/v2\/pages\/5097\/revisions\/5098"}],"wp:attachment":[{"href":"https:\/\/gudnip.com\/br\/wp-json\/wp\/v2\/media?parent=5097"}],"curies":[{"name":"wp","href":"https:\/\/api.w.org\/{rel}","templated":true}]}}