{"id":3,"date":"2023-08-08T17:18:27","date_gmt":"2023-08-08T20:18:27","guid":{"rendered":"https:\/\/gudnip.com\/br\/?page_id=3"},"modified":"2024-11-11T18:54:11","modified_gmt":"2024-11-11T15:54:11","slug":"privacy-policy","status":"publish","type":"page","link":"https:\/\/gudnip.com\/br\/privacy-policy\/","title":{"rendered":"Pol\u00edtica de Privacidade"},"content":{"rendered":"<p>Valorizamos profundamente sua privacidade em rela\u00e7\u00e3o a qualquer informa\u00e7\u00e3o que possamos coletar no site <a role=\"link\" href=\"https:\/\/gudnip.com\/br\" target=\"_blank\" rel=\"noopener noreferrer\" aria-label=\"https:\/\/gudnip.com\/br\">gudnip.com\/br <\/a>e outras plataformas que possu\u00edmos e gerenciamos. A pol\u00edtica de <a role=\"link\" href=\"https:\/\/gudnip.com\/br\" target=\"_blank\" rel=\"noopener noreferrer\" aria-label=\"https:\/\/gudnip.com\/br\">gudnip.com\/br <\/a>\u00e9 baseada no respeito e na prote\u00e7\u00e3o de seus dados pessoais.<\/p>\n<p>Solicitamos informa\u00e7\u00f5es pessoais apenas quando s\u00e3o essenciais para a presta\u00e7\u00e3o de um servi\u00e7o. Atuamos de maneira justa e legal, sempre com seu total conhecimento e consentimento. Al\u00e9m disso, fornecemos transpar\u00eancia, explicando claramente os motivos da coleta e como essas informa\u00e7\u00f5es ser\u00e3o usadas.<\/p>\n<p>Mantemos as informa\u00e7\u00f5es coletadas apenas pelo per\u00edodo necess\u00e1rio para cumprir o servi\u00e7o solicitado. Durante o armazenamento desses dados, implementamos medidas de seguran\u00e7a comercialmente aceit\u00e1veis para evitar perdas e roubos, bem como para prevenir acessos n\u00e3o autorizados, divulga\u00e7\u00e3o, c\u00f3pia, uso ou modifica\u00e7\u00e3o.<\/p>\n<p>N\u00e3o divulgamos ou compartilhamos publicamente informa\u00e7\u00f5es de identifica\u00e7\u00e3o pessoal com terceiros, a menos que tal divulga\u00e7\u00e3o seja exigida por lei.<\/p>\n<p>Em nosso site, \u00e9 poss\u00edvel encontrar links para p\u00e1ginas externas que n\u00e3o s\u00e3o administradas por n\u00f3s. \u00c9 importante notar que n\u00e3o controlamos o conte\u00fado e as pr\u00e1ticas desses sites, e, portanto, n\u00e3o assumimos responsabilidade pelas pol\u00edticas de privacidade que eles adotam.<\/p>\n<p>Voc\u00ea tem a liberdade de recusar fornecer informa\u00e7\u00f5es pessoais, ciente de que essa decis\u00e3o pode afetar nossa capacidade de oferecer certos servi\u00e7os de acordo com sua prefer\u00eancia.<\/p>\n<p>Ao continuar a usar nosso site, voc\u00ea indica seu acordo com as pr\u00e1ticas de privacidade e manuseio de informa\u00e7\u00f5es pessoais adotadas por n\u00f3s. Se tiver alguma d\u00favida sobre como lidamos com os dados e informa\u00e7\u00f5es pessoais dos usu\u00e1rios, por favor, n\u00e3o hesite em nos contatar.<\/p>\n<h2>Consentimento<\/h2>\n<p>Ao usar gudnip.com\/br, voc\u00ea expressa sua plena concord\u00e2ncia com os termos estabelecidos em nossa Pol\u00edtica de Privacidade.<\/p>\n<p>An\u00fancios ou Servi\u00e7os de Marketing da <a role=\"link\" href=\"https:\/\/Gudnip.com\" target=\"_blank\" rel=\"noopener noreferrer\" aria-label=\"https:\/\/Gudnip.com\">Gudnip.com<\/a><\/p>\n<p>De tempos em tempos, enviamos newsletters ou e-mails promocionais espec\u00edficos. Para obter detalhes sobre como cancelar o recebimento desses e-mails, consulte as informa\u00e7\u00f5es sobre seus direitos e op\u00e7\u00f5es abaixo:<\/p>\n<h3>E-mail<\/h3>\n<p>Oferecemos uma variedade de e-mails comerciais e newsletters via e-mail do <a role=\"link\" href=\"https:\/\/gudnip.com\/br\" target=\"_blank\" rel=\"noopener noreferrer\" aria-label=\"https:\/\/gudnip.com\/br\">gudnip.com\/br.<\/a><\/p>\n<p>Cancelamento de assinatura: Para cancelar a inscri\u00e7\u00e3o, siga as diretrizes localizadas na parte inferior do e-mail ou envie uma mensagem para admin@gudnip.com\/br, indicando &#8220;opt-out&#8221; no campo de assunto, e envie sua solicita\u00e7\u00e3o.<\/p>\n<h2>Informa\u00e7\u00f5es que Coletamos<\/h2>\n<p>Os motivos para solicitar suas informa\u00e7\u00f5es e os detalhes sobre o que est\u00e1 sendo solicitado ser\u00e3o devidamente explicados no momento em que pedirmos para fornecer seus dados pessoais.<\/p>\n<p>Se voc\u00ea nos contatar diretamente, podemos receber informa\u00e7\u00f5es adicionais sobre voc\u00ea, como seu nome, endere\u00e7o de e-mail, n\u00famero de telefone, o conte\u00fado da mensagem e\/ou anexos enviados, bem como qualquer outra informa\u00e7\u00e3o que voc\u00ea escolha compartilhar.<\/p>\n<h3>Como Usamos Suas Informa\u00e7\u00f5es<\/h3>\n<ul>\n<li>Gerenciar e manter o funcionamento do nosso site.<\/li>\n<li>Melhorar, personalizar e planejar o crescimento cont\u00ednuo da nossa plataforma.<\/li>\n<li>Analisar e compreender o uso do nosso site.<\/li>\n<li>Criar produtos, recursos e funcionalidades com base nas informa\u00e7\u00f5es obtidas.<\/li>\n<li>Melhorar a intera\u00e7\u00e3o do usu\u00e1rio com o site, tanto diretamente quanto por meio de colabora\u00e7\u00f5es com parceiros, para fins de marketing e promo\u00e7\u00e3o.<\/li>\n<li>Realizar envios de e-mails.<\/li>\n<li>Identificar e prevenir atividades fraudulentas.<\/li>\n<\/ul>\n<h2>Arquivos de Log<\/h2>\n<p>No gudnip.com\/br, seguimos procedimentos convencionais para o uso de arquivos de log. Esses cookies registram as visitas dos usu\u00e1rios quando acessam o site. Esta \u00e9 uma pr\u00e1tica comum entre as empresas de hospedagem como parte da an\u00e1lise de servi\u00e7os. As informa\u00e7\u00f5es coletadas pelos logs incluem endere\u00e7os IP, tipo de navegador, provedores de servi\u00e7os de Internet (ISP), p\u00e1ginas de refer\u00eancia e o n\u00famero de cliques. O objetivo desses dados \u00e9 analisar padr\u00f5es, gerenciar o site, monitorar o movimento dos usu\u00e1rios e coletar informa\u00e7\u00f5es demogr\u00e1ficas.<\/p>\n<h2>Cookie DART do Google DoubleClick<\/h2>\n<p>O Google Ad \u00e9 um fornecedor terceirizado em nosso site, que usa cookies conhecidos como cookies DART para veicular an\u00fancios aos visitantes com base em suas visitas, n\u00e3o apenas ao nosso site, mas tamb\u00e9m a outros sites na internet. No entanto, os visitantes t\u00eam a op\u00e7\u00e3o de desativar os cookies DART visitando a Pol\u00edtica de Privacidade da rede de an\u00fancios e conte\u00fado do Google no seguinte URL: <a role=\"link\" href=\"https:\/\/policies.google.com\/technologies\/ads\" target=\"_blank\" rel=\"noopener noreferrer\" aria-label=\"https:\/\/policies.google.com\/technologies\/ads\">https:\/\/policies.google.com\/technologies\/ads.<\/a><\/p>\n<h2>Pol\u00edticas de Privacidade dos Parceiros de Publicidade<\/h2>\n<p>Neste arranjo, voc\u00ea ter\u00e1 acesso \u00e0 pol\u00edtica de privacidade de cada parceiro de publicidade do <a role=\"link\" href=\"https:\/\/Gudnip.com\" target=\"_blank\" rel=\"noopener noreferrer\" aria-label=\"https:\/\/Gudnip.com\">Gudnip.com.<\/a><\/p>\n<p>Servidores de an\u00fancios de terceiros ou redes de an\u00fancios usam tecnologias como cookies, JavaScript ou Web Beacons em seus respectivos an\u00fancios e links que aparecem no <a role=\"link\" href=\"https:\/\/velenox.com\" target=\"_blank\" rel=\"noopener noreferrer\" aria-label=\"https:\/\/velenox.com\">Gudnip.com\/br. <\/a>Esses elementos s\u00e3o enviados diretamente para os navegadores dos usu\u00e1rios, resultando na coleta autom\u00e1tica do endere\u00e7o IP. Essas tecnologias visam avaliar a efic\u00e1cia das campanhas publicit\u00e1rias e\/ou personalizar o conte\u00fado dos an\u00fancios exibidos nos sites visitados pelo usu\u00e1rio.<\/p>\n<p>Por favor, lembre-se de que <a role=\"link\" href=\"https:\/\/gudnip.com\/br\" target=\"_blank\" rel=\"noopener noreferrer\" aria-label=\"https:\/\/gudnip.com\/br\">gudnip.com\/br <\/a>n\u00e3o tem controle sobre os cookies usados por anunciantes de terceiros.<\/p>\n<p>Pol\u00edticas de Privacidade de Terceiros<\/p>\n<p>A pol\u00edtica de privacidade de <a role=\"link\" href=\"https:\/\/gudnip.com\/br\" target=\"_blank\" rel=\"noopener noreferrer\" aria-label=\"https:\/\/gudnip.com\/br\">gudnip.com\/br <\/a>n\u00e3o se aplica a outros anunciantes ou sites externos. Sugerimos consultar as pol\u00edticas de privacidade espec\u00edficas desses servidores de an\u00fancios de terceiros para obter informa\u00e7\u00f5es mais detalhadas. Essas pol\u00edticas podem conter diretrizes e instru\u00e7\u00f5es sobre como desativar determinadas op\u00e7\u00f5es. A desativa\u00e7\u00e3o de cookies pode ser feita por meio de navegadores individuais, e informa\u00e7\u00f5es detalhadas sobre o gerenciamento de cookies em navegadores espec\u00edficos podem ser encontradas nos respectivos sites oficiais dos navegadores.<\/p>\n<h2>Pol\u00edtica de Cookies<\/h2>\n<h3>O Que S\u00e3o Cookies?<\/h3>\n<p>Como \u00e9 comum em quase todos os sites profissionais, este site usa cookies, que s\u00e3o pequenos arquivos transferidos para o seu computador para melhorar sua experi\u00eancia. Nesta p\u00e1gina, detalhamos as informa\u00e7\u00f5es que esses cookies coletam, como s\u00e3o usados e por que \u00e0s vezes \u00e9 necess\u00e1rio armazen\u00e1-los. Tamb\u00e9m forneceremos informa\u00e7\u00f5es sobre como voc\u00ea pode impedir que esses cookies sejam armazenados; no entanto, \u00e9 importante notar que isso pode resultar em uma redu\u00e7\u00e3o na funcionalidade ou interrup\u00e7\u00e3o de certos elementos da funcionalidade do site.<\/p>\n<h3>Como Usamos Cookies<\/h3>\n<p>Usamos cookies por uma variedade de raz\u00f5es, que s\u00e3o explicadas abaixo. Infelizmente, na maioria dos casos, n\u00e3o existem op\u00e7\u00f5es padr\u00e3o na ind\u00fastria para desativar cookies sem comprometer totalmente a funcionalidade e os recursos que eles adicionam a este site. Recomendamos que voc\u00ea deixe todos os cookies ativados, a menos que tenha certeza de que n\u00e3o precisa deles, especialmente se estiverem sendo usados para fornecer um servi\u00e7o que voc\u00ea utiliza.<\/p>\n<h3>Como Desativar Cookies<\/h3>\n<p>Voc\u00ea pode impedir a configura\u00e7\u00e3o de cookies ajustando as configura\u00e7\u00f5es do seu navegador (consulte a se\u00e7\u00e3o de Ajuda do seu navegador para saber como fazer isso). No entanto, \u00e9 importante notar que desativar cookies afetar\u00e1 a funcionalidade deste e de muitos outros sites que voc\u00ea visita. Geralmente, desativar cookies resultar\u00e1 na perda de algumas funcionalidades e recursos deste site. Sugerimos que, como regra geral, voc\u00ea mantenha os cookies ativados para manter uma experi\u00eancia de navega\u00e7\u00e3o completa.<\/p>\n<h2>Cookies que Utilizamos<\/h2>\n<h3>Cookies Relacionados a Conta<\/h3>\n<p>Quando voc\u00ea cria uma conta conosco, usamos cookies para facilitar o processo de registro e a administra\u00e7\u00e3o geral. Normalmente, esses cookies s\u00e3o exclu\u00eddos quando voc\u00ea faz logout; no entanto, em alguns casos, eles podem permanecer por um per\u00edodo mais longo para reter suas prefer\u00eancias no site quando voc\u00ea retornar.<\/p>\n<h3>Cookies Relacionados a Login<\/h3>\n<p>Usamos cookies durante seu login para preservar esse estado, eliminando a necessidade de fazer login toda vez que voc\u00ea visita uma nova p\u00e1gina. Esses cookies s\u00e3o geralmente removidos ou apagados no momento do logout, garantindo que o acesso a recursos restritos e \u00e1reas seja dispon\u00edvel apenas para usu\u00e1rios logados.<\/p>\n<h3><strong>Cookies Relacionados a Newsletters de E-mail<\/strong><\/h3>\n<p>Este site oferece servi\u00e7os de assinatura de newsletters ou e-mails, e os cookies s\u00e3o usados para lembrar se voc\u00ea j\u00e1 se registrou. Eles tamb\u00e9m servem para determinar se certas notifica\u00e7\u00f5es, que podem ser v\u00e1lidas apenas para usu\u00e1rios inscritos ou n\u00e3o inscritos, devem ser exibidas.<\/p>\n<h3><strong>Cookies Relacionados ao Processamento de Pedidos<\/strong><\/h3>\n<p>Este site oferece servi\u00e7os de e-commerce e pagamento, e certos cookies s\u00e3o essenciais para garantir que seu pedido seja lembrado enquanto voc\u00ea navega entre as p\u00e1ginas, garantindo seu processamento adequado.<\/p>\n<h3><strong>Cookies Relacionados a Pesquisas<\/strong><\/h3>\n<p>Ocasionalmente, realizamos pesquisas e question\u00e1rios para fornecer informa\u00e7\u00f5es relevantes, ferramentas \u00fateis ou melhorar nossa compreens\u00e3o da base de usu\u00e1rios. O uso de cookies nessas pesquisas pode ocorrer para lembrar a participa\u00e7\u00e3o de usu\u00e1rios espec\u00edficos ou para garantir resultados precisos enquanto navegam entre as p\u00e1ginas.<\/p>\n<h3><strong>Cookies Relacionados a Formul\u00e1rios<\/strong><\/h3>\n<p>Quando voc\u00ea envia dados por meio de um formul\u00e1rio, como os encontrados em p\u00e1ginas de contato ou formul\u00e1rios de coment\u00e1rio, os cookies podem ser configurados para lembrar os detalhes do usu\u00e1rio para correspond\u00eancia futura.<\/p>\n<h3><strong>Cookies de Prefer\u00eancias do Site<\/strong><\/h3>\n<p>Para proporcionar uma excelente experi\u00eancia neste site, disponibilizamos funcionalidades para que voc\u00ea defina suas prefer\u00eancias em rela\u00e7\u00e3o ao uso do site. Para garantir que essas prefer\u00eancias sejam lembradas, implementamos cookies, permitindo que voc\u00ea recupere essas informa\u00e7\u00f5es sempre que interagir com uma p\u00e1gina afetada por suas escolhas.<\/p>\n<h3><strong>Cookies de Terceiros<\/strong><\/h3>\n<p>Em situa\u00e7\u00f5es espec\u00edficas, tamb\u00e9m utilizamos cookies fornecidos por terceiros confi\u00e1veis. A se\u00e7\u00e3o a seguir fornece informa\u00e7\u00f5es detalhadas sobre os cookies de terceiros que voc\u00ea pode encontrar ao usar este site.<\/p>\n<p>Usamos o Google Analytics neste site, uma das solu\u00e7\u00f5es de an\u00e1lise mais reconhecidas e confi\u00e1veis na internet, para coletar informa\u00e7\u00f5es sobre seu comportamento de navega\u00e7\u00e3o e melhorar sua experi\u00eancia. Esses cookies t\u00eam a capacidade de rastrear dados como quanto tempo voc\u00ea passa no site e as p\u00e1ginas visitadas, permitindo-nos continuar oferecendo conte\u00fado envolvente. Para mais informa\u00e7\u00f5es sobre os cookies do Google Analytics, visite a p\u00e1gina oficial do Google Analytics.<\/p>\n<p>Empregamos an\u00e1lises de terceiros para monitorar e medir o uso deste site, permitindo-nos continuar criando conte\u00fado envolvente. Esses cookies podem registrar informa\u00e7\u00f5es como quanto tempo voc\u00ea passa no site e quais p\u00e1ginas voc\u00ea visita, proporcionando insights sobre como podemos melhorar o site para atender \u00e0s suas necessidades.<\/p>\n<p>Frequentemente, testamos novos recursos e fazemos mudan\u00e7as sutis na forma como o site \u00e9 entregue. Durante esses per\u00edodos de teste, os cookies s\u00e3o usados para garantir uma experi\u00eancia consistente para os usu\u00e1rios enquanto coletamos informa\u00e7\u00f5es sobre as otimiza\u00e7\u00f5es que nossos clientes mais apreciam.<\/p>\n<p>Devido \u00e0s vendas de produtos, \u00e9 crucial que obtenhamos estat\u00edsticas sobre a taxa de convers\u00e3o de visitantes em compradores. Esses cookies s\u00e3o espec\u00edficos para rastrear esses dados. Essas informa\u00e7\u00f5es s\u00e3o valiosas, pois nos permitem fazer previs\u00f5es de neg\u00f3cios precisas, analisar nossos custos de publicidade e otimizar os pre\u00e7os dos nossos produtos para oferecer as melhores condi\u00e7\u00f5es poss\u00edveis.<\/p>\n<p>O Google AdSense, o servi\u00e7o que usamos para exibir an\u00fancios, utiliza um cookie DoubleClick. Este cookie tem como objetivo mostrar an\u00fancios mais relevantes durante sua navega\u00e7\u00e3o na internet, limitando a frequ\u00eancia com que um an\u00fancio espec\u00edfico \u00e9 exibido para voc\u00ea.<\/p>\n<p>Para mais informa\u00e7\u00f5es sobre o AdSense, recomendamos consultar as FAQs oficiais dispon\u00edveis sobre privacidade no AdSense.<\/p>\n<p>Usamos an\u00fancios como um meio de cobrir os custos operacionais deste site e para garantir fundos para desenvolvimentos futuros. Os cookies de publicidade comportamental implementados por este site visam garantir a apresenta\u00e7\u00e3o de an\u00fancios mais relevantes sempre que poss\u00edvel. Eles operam de forma an\u00f4nima, rastreando seus interesses e exibindo conte\u00fado semelhante que possa ser de interesse para voc\u00ea.<\/p>\n<p>Diversos parceiros anunciam em nosso nome, e os cookies de rastreamento de afiliados nos permitem verificar se nossos clientes acessaram o site por meio de um de nossos parceiros. Isso nos permite credit\u00e1-los corretamente e, quando aplic\u00e1vel, permite que nossos parceiros afiliados ofere\u00e7am promo\u00e7\u00f5es que podem ser concedidas a voc\u00ea ao fazer uma compra.<\/p>\n<h2><strong>Informa\u00e7\u00f5es Adicionais<\/strong><\/h2>\n<p>Espero que essas informa\u00e7\u00f5es sejam claras. Conforme mencionado anteriormente, se houver alguma d\u00favida sobre a necessidade de qualquer funcionalidade, geralmente \u00e9 mais seguro manter os cookies ativados, especialmente se estiverem associados a qualquer funcionalidade que voc\u00ea utiliza em nosso site.<\/p>\n<p>Esta pol\u00edtica entra em vigor em 11 de novembro de 2024.<\/p>\n","protected":false},"excerpt":{"rendered":"<p>Valorizamos profundamente sua privacidade em rela\u00e7\u00e3o a qualquer informa\u00e7\u00e3o que possamos coletar no site gudnip.com\/br e outras plataformas que possu\u00edmos e gerenciamos. A pol\u00edtica de gudnip.com\/br \u00e9 baseada no respeito e na prote\u00e7\u00e3o de seus dados pessoais. Solicitamos informa\u00e7\u00f5es pessoais apenas quando s\u00e3o essenciais para a presta\u00e7\u00e3o de um servi\u00e7o. Atuamos de maneira justa e [&hellip;]<\/p>\n","protected":false},"author":1,"featured_media":0,"parent":0,"menu_order":0,"comment_status":"closed","ping_status":"closed","template":"","meta":{"_acf_changed":false,"footnotes":""},"class_list":["post-3","page","type-page","status-publish","hentry"],"acf":[],"yoast_head":"<!-- This site is optimized with the Yoast SEO plugin v26.8 - https:\/\/yoast.com\/product\/yoast-seo-wordpress\/ -->\n<title>Pol\u00edtica de Privacidade - Gudnip<\/title>\n<meta name=\"robots\" content=\"index, follow, max-snippet:-1, max-image-preview:large, max-video-preview:-1\" \/>\n<link rel=\"canonical\" href=\"https:\/\/gudnip.com\/br\/privacy-policy\/\" \/>\n<meta property=\"og:locale\" content=\"pt_BR\" \/>\n<meta property=\"og:type\" content=\"article\" \/>\n<meta property=\"og:title\" content=\"Pol\u00edtica de Privacidade - Gudnip\" \/>\n<meta property=\"og:description\" content=\"Valorizamos profundamente sua privacidade em rela\u00e7\u00e3o a qualquer informa\u00e7\u00e3o que possamos coletar no site gudnip.com\/br e outras plataformas que possu\u00edmos e gerenciamos. A pol\u00edtica de gudnip.com\/br \u00e9 baseada no respeito e na prote\u00e7\u00e3o de seus dados pessoais. Solicitamos informa\u00e7\u00f5es pessoais apenas quando s\u00e3o essenciais para a presta\u00e7\u00e3o de um servi\u00e7o. Atuamos de maneira justa e [&hellip;]\" \/>\n<meta property=\"og:url\" content=\"https:\/\/gudnip.com\/br\/privacy-policy\/\" \/>\n<meta property=\"og:site_name\" content=\"Gudnip\" \/>\n<meta property=\"article:modified_time\" content=\"2024-11-11T15:54:11+00:00\" \/>\n<meta property=\"og:image\" content=\"https:\/\/gudnip.com\/br\/wp-content\/uploads\/2024\/04\/logo-png.png\" \/>\n\t<meta property=\"og:image:width\" content=\"1080\" \/>\n\t<meta property=\"og:image:height\" content=\"1080\" \/>\n\t<meta property=\"og:image:type\" content=\"image\/png\" \/>\n<meta name=\"twitter:card\" content=\"summary_large_image\" \/>\n<meta name=\"twitter:label1\" content=\"Est. tempo de leitura\" \/>\n\t<meta name=\"twitter:data1\" content=\"11 minutos\" \/>\n<script type=\"application\/ld+json\" class=\"yoast-schema-graph\">{\"@context\":\"https:\/\/schema.org\",\"@graph\":[{\"@type\":\"WebPage\",\"@id\":\"https:\/\/gudnip.com\/br\/privacy-policy\/\",\"url\":\"https:\/\/gudnip.com\/br\/privacy-policy\/\",\"name\":\"Pol\u00edtica de Privacidade - Gudnip\",\"isPartOf\":{\"@id\":\"https:\/\/gudnip.com\/br\/#website\"},\"datePublished\":\"2023-08-08T20:18:27+00:00\",\"dateModified\":\"2024-11-11T15:54:11+00:00\",\"breadcrumb\":{\"@id\":\"https:\/\/gudnip.com\/br\/privacy-policy\/#breadcrumb\"},\"inLanguage\":\"pt-BR\",\"potentialAction\":[{\"@type\":\"ReadAction\",\"target\":[\"https:\/\/gudnip.com\/br\/privacy-policy\/\"]}]},{\"@type\":\"BreadcrumbList\",\"@id\":\"https:\/\/gudnip.com\/br\/privacy-policy\/#breadcrumb\",\"itemListElement\":[{\"@type\":\"ListItem\",\"position\":1,\"name\":\"Home\",\"item\":\"https:\/\/gudnip.com\/br\/\"},{\"@type\":\"ListItem\",\"position\":2,\"name\":\"Pol\u00edtica de Privacidade\"}]},{\"@type\":\"WebSite\",\"@id\":\"https:\/\/gudnip.com\/br\/#website\",\"url\":\"https:\/\/gudnip.com\/br\/\",\"name\":\"Gudnip\",\"description\":\"Simplificamos suas op\u00e7\u00f5es para que voc\u00ea possa tomar as decis\u00f5es financeiras mais vantajosas da sua vida\",\"publisher\":{\"@id\":\"https:\/\/gudnip.com\/br\/#organization\"},\"alternateName\":\"Gudnip\",\"potentialAction\":[{\"@type\":\"SearchAction\",\"target\":{\"@type\":\"EntryPoint\",\"urlTemplate\":\"https:\/\/gudnip.com\/br\/?s={search_term_string}\"},\"query-input\":{\"@type\":\"PropertyValueSpecification\",\"valueRequired\":true,\"valueName\":\"search_term_string\"}}],\"inLanguage\":\"pt-BR\"},{\"@type\":\"Organization\",\"@id\":\"https:\/\/gudnip.com\/br\/#organization\",\"name\":\"Gudnip\",\"url\":\"https:\/\/gudnip.com\/br\/\",\"logo\":{\"@type\":\"ImageObject\",\"inLanguage\":\"pt-BR\",\"@id\":\"https:\/\/gudnip.com\/br\/#\/schema\/logo\/image\/\",\"url\":\"https:\/\/gudnip.com\/br\/wp-content\/uploads\/2024\/04\/logo-png.png\",\"contentUrl\":\"https:\/\/gudnip.com\/br\/wp-content\/uploads\/2024\/04\/logo-png.png\",\"width\":1080,\"height\":1080,\"caption\":\"Gudnip\"},\"image\":{\"@id\":\"https:\/\/gudnip.com\/br\/#\/schema\/logo\/image\/\"}}]}<\/script>\n<!-- \/ Yoast SEO plugin. -->","yoast_head_json":{"title":"Pol\u00edtica de Privacidade - Gudnip","robots":{"index":"index","follow":"follow","max-snippet":"max-snippet:-1","max-image-preview":"max-image-preview:large","max-video-preview":"max-video-preview:-1"},"canonical":"https:\/\/gudnip.com\/br\/privacy-policy\/","og_locale":"pt_BR","og_type":"article","og_title":"Pol\u00edtica de Privacidade - Gudnip","og_description":"Valorizamos profundamente sua privacidade em rela\u00e7\u00e3o a qualquer informa\u00e7\u00e3o que possamos coletar no site gudnip.com\/br e outras plataformas que possu\u00edmos e gerenciamos. A pol\u00edtica de gudnip.com\/br \u00e9 baseada no respeito e na prote\u00e7\u00e3o de seus dados pessoais. Solicitamos informa\u00e7\u00f5es pessoais apenas quando s\u00e3o essenciais para a presta\u00e7\u00e3o de um servi\u00e7o. Atuamos de maneira justa e [&hellip;]","og_url":"https:\/\/gudnip.com\/br\/privacy-policy\/","og_site_name":"Gudnip","article_modified_time":"2024-11-11T15:54:11+00:00","og_image":[{"width":1080,"height":1080,"url":"https:\/\/gudnip.com\/br\/wp-content\/uploads\/2024\/04\/logo-png.png","type":"image\/png"}],"twitter_card":"summary_large_image","twitter_misc":{"Est. tempo de leitura":"11 minutos"},"schema":{"@context":"https:\/\/schema.org","@graph":[{"@type":"WebPage","@id":"https:\/\/gudnip.com\/br\/privacy-policy\/","url":"https:\/\/gudnip.com\/br\/privacy-policy\/","name":"Pol\u00edtica de Privacidade - Gudnip","isPartOf":{"@id":"https:\/\/gudnip.com\/br\/#website"},"datePublished":"2023-08-08T20:18:27+00:00","dateModified":"2024-11-11T15:54:11+00:00","breadcrumb":{"@id":"https:\/\/gudnip.com\/br\/privacy-policy\/#breadcrumb"},"inLanguage":"pt-BR","potentialAction":[{"@type":"ReadAction","target":["https:\/\/gudnip.com\/br\/privacy-policy\/"]}]},{"@type":"BreadcrumbList","@id":"https:\/\/gudnip.com\/br\/privacy-policy\/#breadcrumb","itemListElement":[{"@type":"ListItem","position":1,"name":"Home","item":"https:\/\/gudnip.com\/br\/"},{"@type":"ListItem","position":2,"name":"Pol\u00edtica de Privacidade"}]},{"@type":"WebSite","@id":"https:\/\/gudnip.com\/br\/#website","url":"https:\/\/gudnip.com\/br\/","name":"Gudnip","description":"Simplificamos suas op\u00e7\u00f5es para que voc\u00ea possa tomar as decis\u00f5es financeiras mais vantajosas da sua vida","publisher":{"@id":"https:\/\/gudnip.com\/br\/#organization"},"alternateName":"Gudnip","potentialAction":[{"@type":"SearchAction","target":{"@type":"EntryPoint","urlTemplate":"https:\/\/gudnip.com\/br\/?s={search_term_string}"},"query-input":{"@type":"PropertyValueSpecification","valueRequired":true,"valueName":"search_term_string"}}],"inLanguage":"pt-BR"},{"@type":"Organization","@id":"https:\/\/gudnip.com\/br\/#organization","name":"Gudnip","url":"https:\/\/gudnip.com\/br\/","logo":{"@type":"ImageObject","inLanguage":"pt-BR","@id":"https:\/\/gudnip.com\/br\/#\/schema\/logo\/image\/","url":"https:\/\/gudnip.com\/br\/wp-content\/uploads\/2024\/04\/logo-png.png","contentUrl":"https:\/\/gudnip.com\/br\/wp-content\/uploads\/2024\/04\/logo-png.png","width":1080,"height":1080,"caption":"Gudnip"},"image":{"@id":"https:\/\/gudnip.com\/br\/#\/schema\/logo\/image\/"}}]}},"wps_subtitle":"","_links":{"self":[{"href":"https:\/\/gudnip.com\/br\/wp-json\/wp\/v2\/pages\/3","targetHints":{"allow":["GET"]}}],"collection":[{"href":"https:\/\/gudnip.com\/br\/wp-json\/wp\/v2\/pages"}],"about":[{"href":"https:\/\/gudnip.com\/br\/wp-json\/wp\/v2\/types\/page"}],"author":[{"embeddable":true,"href":"https:\/\/gudnip.com\/br\/wp-json\/wp\/v2\/users\/1"}],"replies":[{"embeddable":true,"href":"https:\/\/gudnip.com\/br\/wp-json\/wp\/v2\/comments?post=3"}],"version-history":[{"count":11,"href":"https:\/\/gudnip.com\/br\/wp-json\/wp\/v2\/pages\/3\/revisions"}],"predecessor-version":[{"id":4408,"href":"https:\/\/gudnip.com\/br\/wp-json\/wp\/v2\/pages\/3\/revisions\/4408"}],"wp:attachment":[{"href":"https:\/\/gudnip.com\/br\/wp-json\/wp\/v2\/media?parent=3"}],"curies":[{"name":"wp","href":"https:\/\/api.w.org\/{rel}","templated":true}]}}