{"id":256,"date":"2023-08-09T08:03:22","date_gmt":"2023-08-09T11:03:22","guid":{"rendered":"https:\/\/gudnip.com\/br\/?page_id=256"},"modified":"2024-11-11T19:00:10","modified_gmt":"2024-11-11T16:00:10","slug":"contact","status":"publish","type":"page","link":"https:\/\/gudnip.com\/br\/contact\/","title":{"rendered":"Contato"},"content":{"rendered":"<p>Entre em contato conosco, envie sua pergunta, sugest\u00e3o ou elogio:<\/p>\n<p style=\"text-align: center;\">\n<div class=\"wpcf7 no-js\" id=\"wpcf7-f258-o1\" lang=\"pt-BR\" dir=\"ltr\" data-wpcf7-id=\"258\">\n<div class=\"screen-reader-response\"><p role=\"status\" aria-live=\"polite\" aria-atomic=\"true\"><\/p> <ul><\/ul><\/div>\n<form action=\"\/br\/wp-json\/wp\/v2\/pages\/256#wpcf7-f258-o1\" method=\"post\" class=\"wpcf7-form init\" aria-label=\"Formul\u00e1rios de contato\" novalidate=\"novalidate\" data-status=\"init\">\n<fieldset class=\"hidden-fields-container\"><input type=\"hidden\" name=\"_wpcf7\" value=\"258\" \/><input type=\"hidden\" name=\"_wpcf7_version\" value=\"6.1.4\" \/><input type=\"hidden\" name=\"_wpcf7_locale\" value=\"pt_BR\" \/><input type=\"hidden\" name=\"_wpcf7_unit_tag\" value=\"wpcf7-f258-o1\" \/><input type=\"hidden\" name=\"_wpcf7_container_post\" value=\"0\" \/><input type=\"hidden\" name=\"_wpcf7_posted_data_hash\" value=\"\" \/>\n<\/fieldset>\n<p><label> Seu Nome:<br \/>\n<span class=\"wpcf7-form-control-wrap\" data-name=\"your-name\"><input size=\"40\" maxlength=\"400\" class=\"wpcf7-form-control wpcf7-text wpcf7-validates-as-required\" autocomplete=\"name\" aria-required=\"true\" aria-invalid=\"false\" value=\"\" type=\"text\" name=\"your-name\" \/><\/span> <\/label>\n<\/p>\n<p><label> Seu E-mail:<br \/>\n<span class=\"wpcf7-form-control-wrap\" data-name=\"your-email\"><input size=\"40\" maxlength=\"400\" class=\"wpcf7-form-control wpcf7-email wpcf7-validates-as-required wpcf7-text wpcf7-validates-as-email\" autocomplete=\"email\" aria-required=\"true\" aria-invalid=\"false\" value=\"\" type=\"email\" name=\"your-email\" \/><\/span> <\/label>\n<\/p>\n<p><label> Assunto:<br \/>\n<span class=\"wpcf7-form-control-wrap\" data-name=\"your-subject\"><input size=\"40\" maxlength=\"400\" class=\"wpcf7-form-control wpcf7-text wpcf7-validates-as-required\" aria-required=\"true\" aria-invalid=\"false\" value=\"\" type=\"text\" name=\"your-subject\" \/><\/span> <\/label>\n<\/p>\n<p><label> Sua Mensagem:<br \/>\n<span class=\"wpcf7-form-control-wrap\" data-name=\"your-message\"><textarea cols=\"40\" rows=\"10\" maxlength=\"2000\" class=\"wpcf7-form-control wpcf7-textarea\" aria-invalid=\"false\" name=\"your-message\"><\/textarea><\/span> <\/label>\n<\/p>\n<p><input class=\"wpcf7-form-control wpcf7-submit has-spinner\" type=\"submit\" value=\"Enviar\" \/>\n<\/p><div class=\"wpcf7-response-output\" aria-hidden=\"true\"><\/div>\n<\/form>\n<\/div>\n<\/p>\n","protected":false},"excerpt":{"rendered":"<p>Entre em contato conosco, envie sua pergunta, sugest\u00e3o ou elogio:<\/p>\n","protected":false},"author":1,"featured_media":0,"parent":0,"menu_order":0,"comment_status":"closed","ping_status":"closed","template":"","meta":{"_acf_changed":false,"footnotes":""},"class_list":["post-256","page","type-page","status-publish","hentry"],"acf":[],"yoast_head":"<!-- This site is optimized with the Yoast SEO plugin v26.8 - https:\/\/yoast.com\/product\/yoast-seo-wordpress\/ -->\n<title>Contato - Gudnip<\/title>\n<meta name=\"robots\" content=\"index, follow, max-snippet:-1, max-image-preview:large, max-video-preview:-1\" \/>\n<link rel=\"canonical\" href=\"https:\/\/gudnip.com\/br\/contact\/\" \/>\n<meta property=\"og:locale\" content=\"pt_BR\" \/>\n<meta property=\"og:type\" content=\"article\" \/>\n<meta property=\"og:title\" content=\"Contato - Gudnip\" \/>\n<meta property=\"og:description\" content=\"Entre em contato conosco, envie sua pergunta, sugest\u00e3o ou elogio:\" \/>\n<meta property=\"og:url\" content=\"https:\/\/gudnip.com\/br\/contact\/\" \/>\n<meta property=\"og:site_name\" content=\"Gudnip\" \/>\n<meta property=\"article:modified_time\" content=\"2024-11-11T16:00:10+00:00\" \/>\n<meta property=\"og:image\" content=\"https:\/\/gudnip.com\/br\/wp-content\/uploads\/2024\/04\/logo-png.png\" \/>\n\t<meta property=\"og:image:width\" content=\"1080\" \/>\n\t<meta property=\"og:image:height\" content=\"1080\" \/>\n\t<meta property=\"og:image:type\" content=\"image\/png\" \/>\n<meta name=\"twitter:card\" content=\"summary_large_image\" \/>\n<meta name=\"twitter:label1\" content=\"Est. tempo de leitura\" \/>\n\t<meta name=\"twitter:data1\" content=\"1 minuto\" \/>\n<script type=\"application\/ld+json\" class=\"yoast-schema-graph\">{\"@context\":\"https:\/\/schema.org\",\"@graph\":[{\"@type\":\"WebPage\",\"@id\":\"https:\/\/gudnip.com\/br\/contact\/\",\"url\":\"https:\/\/gudnip.com\/br\/contact\/\",\"name\":\"Contato - Gudnip\",\"isPartOf\":{\"@id\":\"https:\/\/gudnip.com\/br\/#website\"},\"datePublished\":\"2023-08-09T11:03:22+00:00\",\"dateModified\":\"2024-11-11T16:00:10+00:00\",\"breadcrumb\":{\"@id\":\"https:\/\/gudnip.com\/br\/contact\/#breadcrumb\"},\"inLanguage\":\"pt-BR\",\"potentialAction\":[{\"@type\":\"ReadAction\",\"target\":[\"https:\/\/gudnip.com\/br\/contact\/\"]}]},{\"@type\":\"BreadcrumbList\",\"@id\":\"https:\/\/gudnip.com\/br\/contact\/#breadcrumb\",\"itemListElement\":[{\"@type\":\"ListItem\",\"position\":1,\"name\":\"Home\",\"item\":\"https:\/\/gudnip.com\/br\/\"},{\"@type\":\"ListItem\",\"position\":2,\"name\":\"Contato\"}]},{\"@type\":\"WebSite\",\"@id\":\"https:\/\/gudnip.com\/br\/#website\",\"url\":\"https:\/\/gudnip.com\/br\/\",\"name\":\"Gudnip\",\"description\":\"Simplificamos suas op\u00e7\u00f5es para que voc\u00ea possa tomar as decis\u00f5es financeiras mais vantajosas da sua vida\",\"publisher\":{\"@id\":\"https:\/\/gudnip.com\/br\/#organization\"},\"alternateName\":\"Gudnip\",\"potentialAction\":[{\"@type\":\"SearchAction\",\"target\":{\"@type\":\"EntryPoint\",\"urlTemplate\":\"https:\/\/gudnip.com\/br\/?s={search_term_string}\"},\"query-input\":{\"@type\":\"PropertyValueSpecification\",\"valueRequired\":true,\"valueName\":\"search_term_string\"}}],\"inLanguage\":\"pt-BR\"},{\"@type\":\"Organization\",\"@id\":\"https:\/\/gudnip.com\/br\/#organization\",\"name\":\"Gudnip\",\"url\":\"https:\/\/gudnip.com\/br\/\",\"logo\":{\"@type\":\"ImageObject\",\"inLanguage\":\"pt-BR\",\"@id\":\"https:\/\/gudnip.com\/br\/#\/schema\/logo\/image\/\",\"url\":\"https:\/\/gudnip.com\/br\/wp-content\/uploads\/2024\/04\/logo-png.png\",\"contentUrl\":\"https:\/\/gudnip.com\/br\/wp-content\/uploads\/2024\/04\/logo-png.png\",\"width\":1080,\"height\":1080,\"caption\":\"Gudnip\"},\"image\":{\"@id\":\"https:\/\/gudnip.com\/br\/#\/schema\/logo\/image\/\"}}]}<\/script>\n<!-- \/ Yoast SEO plugin. -->","yoast_head_json":{"title":"Contato - Gudnip","robots":{"index":"index","follow":"follow","max-snippet":"max-snippet:-1","max-image-preview":"max-image-preview:large","max-video-preview":"max-video-preview:-1"},"canonical":"https:\/\/gudnip.com\/br\/contact\/","og_locale":"pt_BR","og_type":"article","og_title":"Contato - Gudnip","og_description":"Entre em contato conosco, envie sua pergunta, sugest\u00e3o ou elogio:","og_url":"https:\/\/gudnip.com\/br\/contact\/","og_site_name":"Gudnip","article_modified_time":"2024-11-11T16:00:10+00:00","og_image":[{"width":1080,"height":1080,"url":"https:\/\/gudnip.com\/br\/wp-content\/uploads\/2024\/04\/logo-png.png","type":"image\/png"}],"twitter_card":"summary_large_image","twitter_misc":{"Est. tempo de leitura":"1 minuto"},"schema":{"@context":"https:\/\/schema.org","@graph":[{"@type":"WebPage","@id":"https:\/\/gudnip.com\/br\/contact\/","url":"https:\/\/gudnip.com\/br\/contact\/","name":"Contato - Gudnip","isPartOf":{"@id":"https:\/\/gudnip.com\/br\/#website"},"datePublished":"2023-08-09T11:03:22+00:00","dateModified":"2024-11-11T16:00:10+00:00","breadcrumb":{"@id":"https:\/\/gudnip.com\/br\/contact\/#breadcrumb"},"inLanguage":"pt-BR","potentialAction":[{"@type":"ReadAction","target":["https:\/\/gudnip.com\/br\/contact\/"]}]},{"@type":"BreadcrumbList","@id":"https:\/\/gudnip.com\/br\/contact\/#breadcrumb","itemListElement":[{"@type":"ListItem","position":1,"name":"Home","item":"https:\/\/gudnip.com\/br\/"},{"@type":"ListItem","position":2,"name":"Contato"}]},{"@type":"WebSite","@id":"https:\/\/gudnip.com\/br\/#website","url":"https:\/\/gudnip.com\/br\/","name":"Gudnip","description":"Simplificamos suas op\u00e7\u00f5es para que voc\u00ea possa tomar as decis\u00f5es financeiras mais vantajosas da sua vida","publisher":{"@id":"https:\/\/gudnip.com\/br\/#organization"},"alternateName":"Gudnip","potentialAction":[{"@type":"SearchAction","target":{"@type":"EntryPoint","urlTemplate":"https:\/\/gudnip.com\/br\/?s={search_term_string}"},"query-input":{"@type":"PropertyValueSpecification","valueRequired":true,"valueName":"search_term_string"}}],"inLanguage":"pt-BR"},{"@type":"Organization","@id":"https:\/\/gudnip.com\/br\/#organization","name":"Gudnip","url":"https:\/\/gudnip.com\/br\/","logo":{"@type":"ImageObject","inLanguage":"pt-BR","@id":"https:\/\/gudnip.com\/br\/#\/schema\/logo\/image\/","url":"https:\/\/gudnip.com\/br\/wp-content\/uploads\/2024\/04\/logo-png.png","contentUrl":"https:\/\/gudnip.com\/br\/wp-content\/uploads\/2024\/04\/logo-png.png","width":1080,"height":1080,"caption":"Gudnip"},"image":{"@id":"https:\/\/gudnip.com\/br\/#\/schema\/logo\/image\/"}}]}},"wps_subtitle":"","_links":{"self":[{"href":"https:\/\/gudnip.com\/br\/wp-json\/wp\/v2\/pages\/256","targetHints":{"allow":["GET"]}}],"collection":[{"href":"https:\/\/gudnip.com\/br\/wp-json\/wp\/v2\/pages"}],"about":[{"href":"https:\/\/gudnip.com\/br\/wp-json\/wp\/v2\/types\/page"}],"author":[{"embeddable":true,"href":"https:\/\/gudnip.com\/br\/wp-json\/wp\/v2\/users\/1"}],"replies":[{"embeddable":true,"href":"https:\/\/gudnip.com\/br\/wp-json\/wp\/v2\/comments?post=256"}],"version-history":[{"count":1,"href":"https:\/\/gudnip.com\/br\/wp-json\/wp\/v2\/pages\/256\/revisions"}],"predecessor-version":[{"id":4411,"href":"https:\/\/gudnip.com\/br\/wp-json\/wp\/v2\/pages\/256\/revisions\/4411"}],"wp:attachment":[{"href":"https:\/\/gudnip.com\/br\/wp-json\/wp\/v2\/media?parent=256"}],"curies":[{"name":"wp","href":"https:\/\/api.w.org\/{rel}","templated":true}]}}