{"id":248,"date":"2023-08-09T07:55:54","date_gmt":"2023-08-09T10:55:54","guid":{"rendered":"https:\/\/gudnip.com\/br\/?page_id=248"},"modified":"2024-11-11T18:58:17","modified_gmt":"2024-11-11T15:58:17","slug":"terms-of-use","status":"publish","type":"page","link":"https:\/\/gudnip.com\/br\/terms-of-use\/","title":{"rendered":"Termos de Uso"},"content":{"rendered":"<h2>1. Termos<\/h2>\n<p>Ao acessar o site gudnip.com\/br, voc\u00ea concorda em cumprir estes Termos de Servi\u00e7o, todas as leis e regulamenta\u00e7\u00f5es aplic\u00e1veis e concorda que \u00e9 respons\u00e1vel pelo cumprimento de todas as leis locais aplic\u00e1veis. Se voc\u00ea n\u00e3o concorda com algum desses Termos, est\u00e1 proibido de usar ou acessar este site. Os materiais contidos neste site s\u00e3o protegidos por leis de direitos autorais e marcas comerciais aplic\u00e1veis.<\/p>\n<h2>2. Licen\u00e7a de uso<\/h2>\n<p>\u00c9 concedida permiss\u00e3o para baixar temporariamente uma c\u00f3pia dos materiais (informa\u00e7\u00f5es ou programas) no site Gudnip para visualiza\u00e7\u00e3o transit\u00f3ria pessoal e n\u00e3o comercial. Esta \u00e9 a concess\u00e3o de uma licen\u00e7a, n\u00e3o uma transfer\u00eancia de t\u00edtulo, e sob esta licen\u00e7a voc\u00ea n\u00e3o pode:<\/p>\n<ul>\n<li>Modificar ou copiar os materiais;<\/li>\n<li>Usar os materiais para fins comerciais ou para exibi\u00e7\u00e3o p\u00fablica (comercial ou n\u00e3o comercial);<\/li>\n<li>Tentar descompilar ou fazer engenharia reversa de qualquer programa contido no site Gudnip;<\/li>\n<li>Remover qualquer aviso de direitos autorais ou outros avisos propriet\u00e1rios dos materiais;<\/li>\n<li>Transferir os materiais para outra pessoa ou &#8220;espelhar&#8221; os materiais em qualquer outro servidor.<\/li>\n<\/ul>\n<p>Esta Licen\u00e7a ser\u00e1 automaticamente encerrada se voc\u00ea violar alguma dessas restri\u00e7\u00f5es e poder\u00e1 ser rescindida pela Gudnip a qualquer momento. Ap\u00f3s encerrar a visualiza\u00e7\u00e3o desses materiais ou ap\u00f3s o t\u00e9rmino desta licen\u00e7a, voc\u00ea deve apagar todos os materiais baixados em sua posse, seja em formato eletr\u00f4nico ou impresso.<\/p>\n<h2>3. Isen\u00e7\u00e3o de responsabilidade<\/h2>\n<p>Os materiais no site <a role=\"link\" href=\"https:\/\/gudnip.com\/br\" target=\"_blank\" rel=\"noopener noreferrer\" aria-label=\"https:\/\/gudnip.com\/br\">gudnip.com\/br <\/a>s\u00e3o fornecidos &#8220;como est\u00e3o&#8221;. A Gudnip n\u00e3o oferece garantias, expressas ou impl\u00edcitas, e, por meio deste, isenta-se de todas as outras garantias, incluindo, mas n\u00e3o se limitando a, garantias impl\u00edcitas ou condi\u00e7\u00f5es de comercializa\u00e7\u00e3o, adequa\u00e7\u00e3o a um prop\u00f3sito espec\u00edfico ou n\u00e3o viola\u00e7\u00e3o de propriedade intelectual ou outros direitos. Al\u00e9m disso, a Gudnip n\u00e3o garante nem faz qualquer declara\u00e7\u00e3o sobre a precis\u00e3o, os resultados prov\u00e1veis ou a confiabilidade do uso dos materiais em seu site ou de outra forma relacionados a esses materiais ou em sites vinculados a este site.<\/p>\n<h2>4. Limita\u00e7\u00f5es<\/h2>\n<p>Em nenhum caso a Gudnip ou seus fornecedores ser\u00e3o respons\u00e1veis por quaisquer danos (incluindo, sem limita\u00e7\u00e3o, danos por perda de dados ou lucro ou devido \u00e0 interrup\u00e7\u00e3o dos neg\u00f3cios) decorrentes do uso ou da incapacidade de usar os materiais na Gudnip, mesmo que a Gudnip ou um representante autorizado da Gudnip tenha sido notificado oralmente ou por escrito da possibilidade de tais danos. Como algumas jurisdi\u00e7\u00f5es n\u00e3o permitem limita\u00e7\u00f5es em garantias impl\u00edcitas ou limita\u00e7\u00f5es de responsabilidade por danos consequenciais ou incidentais, essas limita\u00e7\u00f5es podem n\u00e3o se aplicar a voc\u00ea.<\/p>\n<h2>5. Precis\u00e3o dos materiais<\/h2>\n<p>Os materiais que aparecem no site <a role=\"link\" href=\"https:\/\/gudnip.com\/br\" target=\"_blank\" rel=\"noopener noreferrer\" aria-label=\"https:\/\/gudnip.com\/br\">gudnip.com\/br <\/a>podem incluir erros t\u00e9cnicos, tipogr\u00e1ficos ou fotogr\u00e1ficos. A Gudnip n\u00e3o garante que qualquer material em seu site seja preciso, completo ou atual. A Gudnip pode fazer altera\u00e7\u00f5es nos materiais contidos em seu site a qualquer momento, sem aviso pr\u00e9vio. No entanto, a Gudnip n\u00e3o assume qualquer compromisso de atualizar os materiais.<\/p>\n<h2>6. Links<\/h2>\n<p>A Gudnip n\u00e3o revisou todos os sites vinculados ao seu site e n\u00e3o \u00e9 respons\u00e1vel pelo conte\u00fado de qualquer site vinculado. A inclus\u00e3o de qualquer link n\u00e3o implica endosso pela Gudnip do site. O uso de qualquer site vinculado \u00e9 por conta e risco do usu\u00e1rio.<\/p>\n<h2>7. Modifica\u00e7\u00f5es<\/h2>\n<p>A Gudnip pode revisar estes Termos de Servi\u00e7o do Site a qualquer momento, sem aviso pr\u00e9vio. Ao usar este site, voc\u00ea concorda em ficar vinculado \u00e0 vers\u00e3o atual desses Termos de Servi\u00e7o.<\/p>\n<h2>8. Lei aplic\u00e1vel<\/h2>\n<p>Estes Termos e Condi\u00e7\u00f5es s\u00e3o regidos e interpretados de acordo com as leis da Gudnip, e voc\u00ea submete irrevogavelmente \u00e0 jurisdi\u00e7\u00e3o exclusiva dos tribunais daquele estado ou localidade.<\/p>\n","protected":false},"excerpt":{"rendered":"<p>1. Termos Ao acessar o site gudnip.com\/br, voc\u00ea concorda em cumprir estes Termos de Servi\u00e7o, todas as leis e regulamenta\u00e7\u00f5es aplic\u00e1veis e concorda que \u00e9 respons\u00e1vel pelo cumprimento de todas as leis locais aplic\u00e1veis. Se voc\u00ea n\u00e3o concorda com algum desses Termos, est\u00e1 proibido de usar ou acessar este site. Os materiais contidos neste site [&hellip;]<\/p>\n","protected":false},"author":1,"featured_media":0,"parent":0,"menu_order":0,"comment_status":"closed","ping_status":"closed","template":"","meta":{"_acf_changed":false,"footnotes":""},"class_list":["post-248","page","type-page","status-publish","hentry"],"acf":[],"yoast_head":"<!-- This site is optimized with the Yoast SEO plugin v26.8 - https:\/\/yoast.com\/product\/yoast-seo-wordpress\/ -->\n<title>Termos de Uso - Gudnip<\/title>\n<meta name=\"robots\" content=\"index, follow, max-snippet:-1, max-image-preview:large, max-video-preview:-1\" \/>\n<link rel=\"canonical\" href=\"https:\/\/gudnip.com\/br\/terms-of-use\/\" \/>\n<meta property=\"og:locale\" content=\"pt_BR\" \/>\n<meta property=\"og:type\" content=\"article\" \/>\n<meta property=\"og:title\" content=\"Termos de Uso - Gudnip\" \/>\n<meta property=\"og:description\" content=\"1. Termos Ao acessar o site gudnip.com\/br, voc\u00ea concorda em cumprir estes Termos de Servi\u00e7o, todas as leis e regulamenta\u00e7\u00f5es aplic\u00e1veis e concorda que \u00e9 respons\u00e1vel pelo cumprimento de todas as leis locais aplic\u00e1veis. Se voc\u00ea n\u00e3o concorda com algum desses Termos, est\u00e1 proibido de usar ou acessar este site. Os materiais contidos neste site [&hellip;]\" \/>\n<meta property=\"og:url\" content=\"https:\/\/gudnip.com\/br\/terms-of-use\/\" \/>\n<meta property=\"og:site_name\" content=\"Gudnip\" \/>\n<meta property=\"article:modified_time\" content=\"2024-11-11T15:58:17+00:00\" \/>\n<meta property=\"og:image\" content=\"https:\/\/gudnip.com\/br\/wp-content\/uploads\/2024\/04\/logo-png.png\" \/>\n\t<meta property=\"og:image:width\" content=\"1080\" \/>\n\t<meta property=\"og:image:height\" content=\"1080\" \/>\n\t<meta property=\"og:image:type\" content=\"image\/png\" \/>\n<meta name=\"twitter:card\" content=\"summary_large_image\" \/>\n<meta name=\"twitter:label1\" content=\"Est. tempo de leitura\" \/>\n\t<meta name=\"twitter:data1\" content=\"4 minutos\" \/>\n<script type=\"application\/ld+json\" class=\"yoast-schema-graph\">{\"@context\":\"https:\/\/schema.org\",\"@graph\":[{\"@type\":\"WebPage\",\"@id\":\"https:\/\/gudnip.com\/br\/terms-of-use\/\",\"url\":\"https:\/\/gudnip.com\/br\/terms-of-use\/\",\"name\":\"Termos de Uso - Gudnip\",\"isPartOf\":{\"@id\":\"https:\/\/gudnip.com\/br\/#website\"},\"datePublished\":\"2023-08-09T10:55:54+00:00\",\"dateModified\":\"2024-11-11T15:58:17+00:00\",\"breadcrumb\":{\"@id\":\"https:\/\/gudnip.com\/br\/terms-of-use\/#breadcrumb\"},\"inLanguage\":\"pt-BR\",\"potentialAction\":[{\"@type\":\"ReadAction\",\"target\":[\"https:\/\/gudnip.com\/br\/terms-of-use\/\"]}]},{\"@type\":\"BreadcrumbList\",\"@id\":\"https:\/\/gudnip.com\/br\/terms-of-use\/#breadcrumb\",\"itemListElement\":[{\"@type\":\"ListItem\",\"position\":1,\"name\":\"Home\",\"item\":\"https:\/\/gudnip.com\/br\/\"},{\"@type\":\"ListItem\",\"position\":2,\"name\":\"Termos de Uso\"}]},{\"@type\":\"WebSite\",\"@id\":\"https:\/\/gudnip.com\/br\/#website\",\"url\":\"https:\/\/gudnip.com\/br\/\",\"name\":\"Gudnip\",\"description\":\"Simplificamos suas op\u00e7\u00f5es para que voc\u00ea possa tomar as decis\u00f5es financeiras mais vantajosas da sua vida\",\"publisher\":{\"@id\":\"https:\/\/gudnip.com\/br\/#organization\"},\"alternateName\":\"Gudnip\",\"potentialAction\":[{\"@type\":\"SearchAction\",\"target\":{\"@type\":\"EntryPoint\",\"urlTemplate\":\"https:\/\/gudnip.com\/br\/?s={search_term_string}\"},\"query-input\":{\"@type\":\"PropertyValueSpecification\",\"valueRequired\":true,\"valueName\":\"search_term_string\"}}],\"inLanguage\":\"pt-BR\"},{\"@type\":\"Organization\",\"@id\":\"https:\/\/gudnip.com\/br\/#organization\",\"name\":\"Gudnip\",\"url\":\"https:\/\/gudnip.com\/br\/\",\"logo\":{\"@type\":\"ImageObject\",\"inLanguage\":\"pt-BR\",\"@id\":\"https:\/\/gudnip.com\/br\/#\/schema\/logo\/image\/\",\"url\":\"https:\/\/gudnip.com\/br\/wp-content\/uploads\/2024\/04\/logo-png.png\",\"contentUrl\":\"https:\/\/gudnip.com\/br\/wp-content\/uploads\/2024\/04\/logo-png.png\",\"width\":1080,\"height\":1080,\"caption\":\"Gudnip\"},\"image\":{\"@id\":\"https:\/\/gudnip.com\/br\/#\/schema\/logo\/image\/\"}}]}<\/script>\n<!-- \/ Yoast SEO plugin. -->","yoast_head_json":{"title":"Termos de Uso - Gudnip","robots":{"index":"index","follow":"follow","max-snippet":"max-snippet:-1","max-image-preview":"max-image-preview:large","max-video-preview":"max-video-preview:-1"},"canonical":"https:\/\/gudnip.com\/br\/terms-of-use\/","og_locale":"pt_BR","og_type":"article","og_title":"Termos de Uso - Gudnip","og_description":"1. Termos Ao acessar o site gudnip.com\/br, voc\u00ea concorda em cumprir estes Termos de Servi\u00e7o, todas as leis e regulamenta\u00e7\u00f5es aplic\u00e1veis e concorda que \u00e9 respons\u00e1vel pelo cumprimento de todas as leis locais aplic\u00e1veis. Se voc\u00ea n\u00e3o concorda com algum desses Termos, est\u00e1 proibido de usar ou acessar este site. Os materiais contidos neste site [&hellip;]","og_url":"https:\/\/gudnip.com\/br\/terms-of-use\/","og_site_name":"Gudnip","article_modified_time":"2024-11-11T15:58:17+00:00","og_image":[{"width":1080,"height":1080,"url":"https:\/\/gudnip.com\/br\/wp-content\/uploads\/2024\/04\/logo-png.png","type":"image\/png"}],"twitter_card":"summary_large_image","twitter_misc":{"Est. tempo de leitura":"4 minutos"},"schema":{"@context":"https:\/\/schema.org","@graph":[{"@type":"WebPage","@id":"https:\/\/gudnip.com\/br\/terms-of-use\/","url":"https:\/\/gudnip.com\/br\/terms-of-use\/","name":"Termos de Uso - Gudnip","isPartOf":{"@id":"https:\/\/gudnip.com\/br\/#website"},"datePublished":"2023-08-09T10:55:54+00:00","dateModified":"2024-11-11T15:58:17+00:00","breadcrumb":{"@id":"https:\/\/gudnip.com\/br\/terms-of-use\/#breadcrumb"},"inLanguage":"pt-BR","potentialAction":[{"@type":"ReadAction","target":["https:\/\/gudnip.com\/br\/terms-of-use\/"]}]},{"@type":"BreadcrumbList","@id":"https:\/\/gudnip.com\/br\/terms-of-use\/#breadcrumb","itemListElement":[{"@type":"ListItem","position":1,"name":"Home","item":"https:\/\/gudnip.com\/br\/"},{"@type":"ListItem","position":2,"name":"Termos de Uso"}]},{"@type":"WebSite","@id":"https:\/\/gudnip.com\/br\/#website","url":"https:\/\/gudnip.com\/br\/","name":"Gudnip","description":"Simplificamos suas op\u00e7\u00f5es para que voc\u00ea possa tomar as decis\u00f5es financeiras mais vantajosas da sua vida","publisher":{"@id":"https:\/\/gudnip.com\/br\/#organization"},"alternateName":"Gudnip","potentialAction":[{"@type":"SearchAction","target":{"@type":"EntryPoint","urlTemplate":"https:\/\/gudnip.com\/br\/?s={search_term_string}"},"query-input":{"@type":"PropertyValueSpecification","valueRequired":true,"valueName":"search_term_string"}}],"inLanguage":"pt-BR"},{"@type":"Organization","@id":"https:\/\/gudnip.com\/br\/#organization","name":"Gudnip","url":"https:\/\/gudnip.com\/br\/","logo":{"@type":"ImageObject","inLanguage":"pt-BR","@id":"https:\/\/gudnip.com\/br\/#\/schema\/logo\/image\/","url":"https:\/\/gudnip.com\/br\/wp-content\/uploads\/2024\/04\/logo-png.png","contentUrl":"https:\/\/gudnip.com\/br\/wp-content\/uploads\/2024\/04\/logo-png.png","width":1080,"height":1080,"caption":"Gudnip"},"image":{"@id":"https:\/\/gudnip.com\/br\/#\/schema\/logo\/image\/"}}]}},"wps_subtitle":"","_links":{"self":[{"href":"https:\/\/gudnip.com\/br\/wp-json\/wp\/v2\/pages\/248","targetHints":{"allow":["GET"]}}],"collection":[{"href":"https:\/\/gudnip.com\/br\/wp-json\/wp\/v2\/pages"}],"about":[{"href":"https:\/\/gudnip.com\/br\/wp-json\/wp\/v2\/types\/page"}],"author":[{"embeddable":true,"href":"https:\/\/gudnip.com\/br\/wp-json\/wp\/v2\/users\/1"}],"replies":[{"embeddable":true,"href":"https:\/\/gudnip.com\/br\/wp-json\/wp\/v2\/comments?post=248"}],"version-history":[{"count":5,"href":"https:\/\/gudnip.com\/br\/wp-json\/wp\/v2\/pages\/248\/revisions"}],"predecessor-version":[{"id":4410,"href":"https:\/\/gudnip.com\/br\/wp-json\/wp\/v2\/pages\/248\/revisions\/4410"}],"wp:attachment":[{"href":"https:\/\/gudnip.com\/br\/wp-json\/wp\/v2\/media?parent=248"}],"curies":[{"name":"wp","href":"https:\/\/api.w.org\/{rel}","templated":true}]}}