{"id":2349,"date":"2024-01-30T17:00:04","date_gmt":"2024-01-30T15:00:04","guid":{"rendered":"https:\/\/gudnip.com\/br\/?page_id=2349"},"modified":"2024-11-11T19:04:01","modified_gmt":"2024-11-11T16:04:01","slug":"about-gudnip","status":"publish","type":"page","link":"https:\/\/gudnip.com\/br\/about-gudnip\/","title":{"rendered":"Sobre o Gudnip"},"content":{"rendered":"<p>Na Gudnip, nossa origem \u00e9 dedicada a fornecer orienta\u00e7\u00f5es sobre as melhores decis\u00f5es financeiras e oferecer conselhos para ajudar as pessoas a expandir sua vida financeira, otimizar seus gastos e fazer as escolhas certas.<\/p>\n<p>Nosso objetivo \u00e9 manter voc\u00ea constantemente atualizado sobre os eventos globais, pois isso reflete o cerne de nosso compromisso em fornecer informa\u00e7\u00f5es. Priorizamos a intera\u00e7\u00e3o com nossos leitores, pois essa colabora\u00e7\u00e3o nos permite criar um fluxo cont\u00ednuo de conte\u00fado alinhado aos seus interesses e necessidades.<\/p>\n<h2><strong>Foco Editorial<\/strong><\/h2>\n<p>Nosso espa\u00e7o \u00e9 inteiramente dedicado ao trabalho editorial, apresentando publica\u00e7\u00f5es baseadas em pesquisas minuciosas conduzidas por nossos editores. Cada perspectiva reflete a cuidadosa sele\u00e7\u00e3o dos editores envolvidos neste projeto. Nosso principal objetivo \u00e9 fornecer informa\u00e7\u00f5es de alta qualidade.<\/p>\n<h2><strong>Publicidade<\/strong><\/h2>\n<p>Por meio de colabora\u00e7\u00f5es comerciais e alian\u00e7as estrat\u00e9gicas com organiza\u00e7\u00f5es relacionadas, compartilharemos informa\u00e7\u00f5es ou nos comunicaremos com usu\u00e1rios registrados para oferecer benef\u00edcios, promo\u00e7\u00f5es e descontos em produtos especializados.<\/p>\n<p>\u00c9 importante destacar que a presen\u00e7a de an\u00fancios em nossas p\u00e1ginas prov\u00e9m de empresas externas. Para obter informa\u00e7\u00f5es mais detalhadas sobre como seus dados s\u00e3o coletados e gerenciados, sugerimos que voc\u00ea visite nossa p\u00e1gina de Pol\u00edtica de Privacidade.<\/p>\n<h2><strong>Uso Respons\u00e1vel<\/strong><\/h2>\n<p>Nos esfor\u00e7amos diariamente para oferecer informa\u00e7\u00f5es precisas sobre todos os t\u00f3picos abordados. No entanto, \u00e9 essencial observar que os conte\u00fados n\u00e3o s\u00e3o definitivos e nem sempre est\u00e3o totalmente atualizados. Renunciamos a qualquer responsabilidade por poss\u00edveis danos decorrentes do uso das informa\u00e7\u00f5es fornecidas, sendo os usu\u00e1rios respons\u00e1veis por todos os riscos associados a esse uso. \u00c9 fortemente recomendada a busca de orienta\u00e7\u00e3o profissional antes de tomar decis\u00f5es cr\u00edticas.<\/p>\n","protected":false},"excerpt":{"rendered":"<p>Na Gudnip, nossa origem \u00e9 dedicada a fornecer orienta\u00e7\u00f5es sobre as melhores decis\u00f5es financeiras e oferecer conselhos para ajudar as pessoas a expandir sua vida financeira, otimizar seus gastos e fazer as escolhas certas. Nosso objetivo \u00e9 manter voc\u00ea constantemente atualizado sobre os eventos globais, pois isso reflete o cerne de nosso compromisso em fornecer [&hellip;]<\/p>\n","protected":false},"author":1,"featured_media":0,"parent":0,"menu_order":0,"comment_status":"closed","ping_status":"closed","template":"","meta":{"_acf_changed":false,"footnotes":""},"class_list":["post-2349","page","type-page","status-publish","hentry"],"acf":[],"yoast_head":"<!-- This site is optimized with the Yoast SEO plugin v26.8 - https:\/\/yoast.com\/product\/yoast-seo-wordpress\/ -->\n<title>Sobre o Gudnip - Gudnip<\/title>\n<meta name=\"description\" content=\"Discover reliable and up-to-date financial information on Medupi. Learn to make smart financial decisions and enjoy exclusive benefits through strategic partnerships. Trustworthy content to expand your financial life.\" \/>\n<meta name=\"robots\" content=\"index, follow, max-snippet:-1, max-image-preview:large, max-video-preview:-1\" \/>\n<link rel=\"canonical\" href=\"https:\/\/gudnip.com\/br\/about-gudnip\/\" \/>\n<meta property=\"og:locale\" content=\"pt_BR\" \/>\n<meta property=\"og:type\" content=\"article\" \/>\n<meta property=\"og:title\" content=\"Sobre o Gudnip - Gudnip\" \/>\n<meta property=\"og:description\" content=\"Discover reliable and up-to-date financial information on Medupi. Learn to make smart financial decisions and enjoy exclusive benefits through strategic partnerships. Trustworthy content to expand your financial life.\" \/>\n<meta property=\"og:url\" content=\"https:\/\/gudnip.com\/br\/about-gudnip\/\" \/>\n<meta property=\"og:site_name\" content=\"Gudnip\" \/>\n<meta property=\"article:modified_time\" content=\"2024-11-11T16:04:01+00:00\" \/>\n<meta property=\"og:image\" content=\"https:\/\/gudnip.com\/br\/wp-content\/uploads\/2024\/04\/logo-png.png\" \/>\n\t<meta property=\"og:image:width\" content=\"1080\" \/>\n\t<meta property=\"og:image:height\" content=\"1080\" \/>\n\t<meta property=\"og:image:type\" content=\"image\/png\" \/>\n<meta name=\"twitter:card\" content=\"summary_large_image\" \/>\n<meta name=\"twitter:label1\" content=\"Est. tempo de leitura\" \/>\n\t<meta name=\"twitter:data1\" content=\"2 minutos\" \/>\n<script type=\"application\/ld+json\" class=\"yoast-schema-graph\">{\"@context\":\"https:\/\/schema.org\",\"@graph\":[{\"@type\":\"WebPage\",\"@id\":\"https:\/\/gudnip.com\/br\/about-gudnip\/\",\"url\":\"https:\/\/gudnip.com\/br\/about-gudnip\/\",\"name\":\"Sobre o Gudnip - Gudnip\",\"isPartOf\":{\"@id\":\"https:\/\/gudnip.com\/br\/#website\"},\"datePublished\":\"2024-01-30T15:00:04+00:00\",\"dateModified\":\"2024-11-11T16:04:01+00:00\",\"description\":\"Discover reliable and up-to-date financial information on Medupi. Learn to make smart financial decisions and enjoy exclusive benefits through strategic partnerships. Trustworthy content to expand your financial life.\",\"breadcrumb\":{\"@id\":\"https:\/\/gudnip.com\/br\/about-gudnip\/#breadcrumb\"},\"inLanguage\":\"pt-BR\",\"potentialAction\":[{\"@type\":\"ReadAction\",\"target\":[\"https:\/\/gudnip.com\/br\/about-gudnip\/\"]}]},{\"@type\":\"BreadcrumbList\",\"@id\":\"https:\/\/gudnip.com\/br\/about-gudnip\/#breadcrumb\",\"itemListElement\":[{\"@type\":\"ListItem\",\"position\":1,\"name\":\"Home\",\"item\":\"https:\/\/gudnip.com\/br\/\"},{\"@type\":\"ListItem\",\"position\":2,\"name\":\"Sobre o Gudnip\"}]},{\"@type\":\"WebSite\",\"@id\":\"https:\/\/gudnip.com\/br\/#website\",\"url\":\"https:\/\/gudnip.com\/br\/\",\"name\":\"Gudnip\",\"description\":\"Simplificamos suas op\u00e7\u00f5es para que voc\u00ea possa tomar as decis\u00f5es financeiras mais vantajosas da sua vida\",\"publisher\":{\"@id\":\"https:\/\/gudnip.com\/br\/#organization\"},\"alternateName\":\"Gudnip\",\"potentialAction\":[{\"@type\":\"SearchAction\",\"target\":{\"@type\":\"EntryPoint\",\"urlTemplate\":\"https:\/\/gudnip.com\/br\/?s={search_term_string}\"},\"query-input\":{\"@type\":\"PropertyValueSpecification\",\"valueRequired\":true,\"valueName\":\"search_term_string\"}}],\"inLanguage\":\"pt-BR\"},{\"@type\":\"Organization\",\"@id\":\"https:\/\/gudnip.com\/br\/#organization\",\"name\":\"Gudnip\",\"url\":\"https:\/\/gudnip.com\/br\/\",\"logo\":{\"@type\":\"ImageObject\",\"inLanguage\":\"pt-BR\",\"@id\":\"https:\/\/gudnip.com\/br\/#\/schema\/logo\/image\/\",\"url\":\"https:\/\/gudnip.com\/br\/wp-content\/uploads\/2024\/04\/logo-png.png\",\"contentUrl\":\"https:\/\/gudnip.com\/br\/wp-content\/uploads\/2024\/04\/logo-png.png\",\"width\":1080,\"height\":1080,\"caption\":\"Gudnip\"},\"image\":{\"@id\":\"https:\/\/gudnip.com\/br\/#\/schema\/logo\/image\/\"}}]}<\/script>\n<!-- \/ Yoast SEO plugin. -->","yoast_head_json":{"title":"Sobre o Gudnip - Gudnip","description":"Discover reliable and up-to-date financial information on Medupi. Learn to make smart financial decisions and enjoy exclusive benefits through strategic partnerships. Trustworthy content to expand your financial life.","robots":{"index":"index","follow":"follow","max-snippet":"max-snippet:-1","max-image-preview":"max-image-preview:large","max-video-preview":"max-video-preview:-1"},"canonical":"https:\/\/gudnip.com\/br\/about-gudnip\/","og_locale":"pt_BR","og_type":"article","og_title":"Sobre o Gudnip - Gudnip","og_description":"Discover reliable and up-to-date financial information on Medupi. Learn to make smart financial decisions and enjoy exclusive benefits through strategic partnerships. Trustworthy content to expand your financial life.","og_url":"https:\/\/gudnip.com\/br\/about-gudnip\/","og_site_name":"Gudnip","article_modified_time":"2024-11-11T16:04:01+00:00","og_image":[{"width":1080,"height":1080,"url":"https:\/\/gudnip.com\/br\/wp-content\/uploads\/2024\/04\/logo-png.png","type":"image\/png"}],"twitter_card":"summary_large_image","twitter_misc":{"Est. tempo de leitura":"2 minutos"},"schema":{"@context":"https:\/\/schema.org","@graph":[{"@type":"WebPage","@id":"https:\/\/gudnip.com\/br\/about-gudnip\/","url":"https:\/\/gudnip.com\/br\/about-gudnip\/","name":"Sobre o Gudnip - Gudnip","isPartOf":{"@id":"https:\/\/gudnip.com\/br\/#website"},"datePublished":"2024-01-30T15:00:04+00:00","dateModified":"2024-11-11T16:04:01+00:00","description":"Discover reliable and up-to-date financial information on Medupi. Learn to make smart financial decisions and enjoy exclusive benefits through strategic partnerships. Trustworthy content to expand your financial life.","breadcrumb":{"@id":"https:\/\/gudnip.com\/br\/about-gudnip\/#breadcrumb"},"inLanguage":"pt-BR","potentialAction":[{"@type":"ReadAction","target":["https:\/\/gudnip.com\/br\/about-gudnip\/"]}]},{"@type":"BreadcrumbList","@id":"https:\/\/gudnip.com\/br\/about-gudnip\/#breadcrumb","itemListElement":[{"@type":"ListItem","position":1,"name":"Home","item":"https:\/\/gudnip.com\/br\/"},{"@type":"ListItem","position":2,"name":"Sobre o Gudnip"}]},{"@type":"WebSite","@id":"https:\/\/gudnip.com\/br\/#website","url":"https:\/\/gudnip.com\/br\/","name":"Gudnip","description":"Simplificamos suas op\u00e7\u00f5es para que voc\u00ea possa tomar as decis\u00f5es financeiras mais vantajosas da sua vida","publisher":{"@id":"https:\/\/gudnip.com\/br\/#organization"},"alternateName":"Gudnip","potentialAction":[{"@type":"SearchAction","target":{"@type":"EntryPoint","urlTemplate":"https:\/\/gudnip.com\/br\/?s={search_term_string}"},"query-input":{"@type":"PropertyValueSpecification","valueRequired":true,"valueName":"search_term_string"}}],"inLanguage":"pt-BR"},{"@type":"Organization","@id":"https:\/\/gudnip.com\/br\/#organization","name":"Gudnip","url":"https:\/\/gudnip.com\/br\/","logo":{"@type":"ImageObject","inLanguage":"pt-BR","@id":"https:\/\/gudnip.com\/br\/#\/schema\/logo\/image\/","url":"https:\/\/gudnip.com\/br\/wp-content\/uploads\/2024\/04\/logo-png.png","contentUrl":"https:\/\/gudnip.com\/br\/wp-content\/uploads\/2024\/04\/logo-png.png","width":1080,"height":1080,"caption":"Gudnip"},"image":{"@id":"https:\/\/gudnip.com\/br\/#\/schema\/logo\/image\/"}}]}},"wps_subtitle":"","_links":{"self":[{"href":"https:\/\/gudnip.com\/br\/wp-json\/wp\/v2\/pages\/2349","targetHints":{"allow":["GET"]}}],"collection":[{"href":"https:\/\/gudnip.com\/br\/wp-json\/wp\/v2\/pages"}],"about":[{"href":"https:\/\/gudnip.com\/br\/wp-json\/wp\/v2\/types\/page"}],"author":[{"embeddable":true,"href":"https:\/\/gudnip.com\/br\/wp-json\/wp\/v2\/users\/1"}],"replies":[{"embeddable":true,"href":"https:\/\/gudnip.com\/br\/wp-json\/wp\/v2\/comments?post=2349"}],"version-history":[{"count":6,"href":"https:\/\/gudnip.com\/br\/wp-json\/wp\/v2\/pages\/2349\/revisions"}],"predecessor-version":[{"id":4412,"href":"https:\/\/gudnip.com\/br\/wp-json\/wp\/v2\/pages\/2349\/revisions\/4412"}],"wp:attachment":[{"href":"https:\/\/gudnip.com\/br\/wp-json\/wp\/v2\/media?parent=2349"}],"curies":[{"name":"wp","href":"https:\/\/api.w.org\/{rel}","templated":true}]}}